{"id":837,"date":"2021-12-17T09:36:17","date_gmt":"2021-12-17T08:36:17","guid":{"rendered":"https:\/\/parrocchiadibidogno.ch\/?page_id=837"},"modified":"2021-12-17T09:36:17","modified_gmt":"2021-12-17T08:36:17","slug":"assemblea-parrocchiale","status":"publish","type":"page","link":"https:\/\/parrocchiadibidogno.ch\/?page_id=837","title":{"rendered":"Assemblea parrocchiale"},"content":{"rendered":"\n<p class=\"justify-text\">L\u2019Assemblea parrocchiale (in seguito AP) \u00e8, per legge, l\u2019insieme di tutti i cittadini attivi, d\u2019ambo i sessi, cattolici-apostolici-romani, domiciliati nel territorio della Parrocchia.<br \/>Da questo profilo l\u2019AP, anche se non esplicitato dalla Legge, \u00e8 da considerare alla stregua di un qualsiasi organo legislativo; e ci\u00f2 tanto nella misura in cui detiene la facolt\u00e0 di nominare gli organi esecutivi della Parrocchia, quanto quella di disciplinare il funzionamento della stessa attraverso l\u2019adozione di un apposito regolamento.<br \/>Per essere membro dell\u2019AP con diritto di voto e di partecipazione occorre:<\/p>\n\n\n\n<ul class=\"justify-text wp-block-list\"><li>essere cittadino attivo;<\/li><li>essere domiciliato da tre mesi nel territorio del Comune della Parrocchia;<\/li><li>essere cattolico; vale a dire essere stato battezzato secondo il rito cattolico-apostolico-romano e non aver dichiarato per iscritto, al CP di essere uscito dal grembo della Chiesa.<\/li><\/ul>\n\n\n\n<p class=\"justify-text\">Ulteriori e dettagliate informazioni circa il \u201ccomune\u201d parrocchiale possono essere assunte consultando il manuale-commentario \u201cLa Parrocchia\u201d di Eros Ratti.<\/p>\n\n\n\n<p class=\"justify-text\">L\u2019AP si riunisce due volte all\u2019anno (assemblea ordinaria) per approvare la contabilit\u00e0\u00a0 (preventivi e consuntivi) e l\u2019operato del  <a href=\"\/?page_id=650\">Consiglio parrocchiale<\/a>.<br \/>Le assemblee ordinarie si svolgono in autunno e in primavera nella sala del consiglio parrocchiale di Bidogno.<br \/>La stessa \u00e8 inoltre chiamata, ogni quattro anni, ad eleggere\/rinnovare i membri e i supplenti del <a href=\"\/?page_id=650\">Consiglio parrocchiale<\/a>.<\/p>\n","protected":false},"excerpt":{"rendered":"<p>L\u2019Assemblea parrocchiale (in seguito AP) \u00e8, per legge, l\u2019insieme di tutti i cittadini attivi, d\u2019ambo i sessi, cattolici-apostolici-romani, domiciliati nel<span class=\"more-dots\">&#8230;<\/span><\/p>\n","protected":false},"author":1,"featured_media":0,"parent":0,"menu_order":0,"comment_status":"closed","ping_status":"closed","template":"","meta":{"footnotes":""},"class_list":["post-837","page","type-page","status-publish","hentry","no-post-thumbnail"],"_links":{"self":[{"href":"https:\/\/parrocchiadibidogno.ch\/index.php?rest_route=\/wp\/v2\/pages\/837","targetHints":{"allow":["GET"]}}],"collection":[{"href":"https:\/\/parrocchiadibidogno.ch\/index.php?rest_route=\/wp\/v2\/pages"}],"about":[{"href":"https:\/\/parrocchiadibidogno.ch\/index.php?rest_route=\/wp\/v2\/types\/page"}],"author":[{"embeddable":true,"href":"https:\/\/parrocchiadibidogno.ch\/index.php?rest_route=\/wp\/v2\/users\/1"}],"replies":[{"embeddable":true,"href":"https:\/\/parrocchiadibidogno.ch\/index.php?rest_route=%2Fwp%2Fv2%2Fcomments&post=837"}],"version-history":[{"count":0,"href":"https:\/\/parrocchiadibidogno.ch\/index.php?rest_route=\/wp\/v2\/pages\/837\/revisions"}],"wp:attachment":[{"href":"https:\/\/parrocchiadibidogno.ch\/index.php?rest_route=%2Fwp%2Fv2%2Fmedia&parent=837"}],"curies":[{"name":"wp","href":"https:\/\/api.w.org\/{rel}","templated":true}]}}